{"id":4637,"date":"2024-03-07T18:34:03","date_gmt":"2024-03-07T17:34:03","guid":{"rendered":"https:\/\/wiegel.de\/?page_id=4637"},"modified":"2025-10-30T13:27:34","modified_gmt":"2025-10-30T12:27:34","slug":"prix-du-zinc","status":"publish","type":"page","link":"https:\/\/wiegel.dev10.econsor-programming.de\/fr\/prix-du-zinc\/","title":{"rendered":"Prix Du Zinc"},"content":{"rendered":"","protected":false},"excerpt":{"rendered":"","protected":false},"author":15,"featured_media":0,"parent":0,"menu_order":0,"comment_status":"closed","ping_status":"closed","template":"","meta":{"_acf_changed":false,"_relevanssi_hide_post":"","_relevanssi_hide_content":"","_relevanssi_pin_for_all":"","_relevanssi_pin_keywords":"","_relevanssi_unpin_keywords":"","_relevanssi_related_keywords":"","_relevanssi_related_include_ids":"","_relevanssi_related_exclude_ids":"","_relevanssi_related_no_append":"","_relevanssi_related_not_related":"","_relevanssi_related_posts":"","_relevanssi_noindex_reason":"","footnotes":""},"class_list":["post-4637","page","type-page","status-publish","hentry"],"acf":[],"yoast_head":"<!-- This site is optimized with the Yoast SEO Premium plugin v26.2 (Yoast SEO v26.2) - https:\/\/yoast.com\/wordpress\/plugins\/seo\/ -->\n<title>Prix Du Zinc - WIEGEL<\/title>\n<meta name=\"description\" content=\"Le prix du zinc WIEGEL est mis \u00e0 jour r\u00e9guli\u00e8rement : suivez les tendances du march\u00e9 du zinc pour vos besoins industriels en rev\u00eatement et protection de l\u2019acier.\" \/>\n<meta name=\"robots\" content=\"noindex, follow, max-snippet:-1, max-image-preview:large, max-video-preview:-1\" \/>\n<meta property=\"og:locale\" content=\"fr_FR\" \/>\n<meta property=\"og:type\" content=\"article\" \/>\n<meta property=\"og:title\" content=\"Prix Du Zinc\" \/>\n<meta property=\"og:description\" content=\"Le prix du zinc WIEGEL est mis \u00e0 jour r\u00e9guli\u00e8rement : suivez les tendances du march\u00e9 du zinc pour vos besoins industriels en rev\u00eatement et protection de l\u2019acier.\" \/>\n<meta property=\"og:url\" content=\"https:\/\/wiegel.dev10.econsor-programming.de\/fr\/prix-du-zinc\/\" \/>\n<meta property=\"og:site_name\" content=\"WIEGEL\" \/>\n<meta property=\"article:modified_time\" content=\"2025-10-30T12:27:34+00:00\" \/>\n<meta property=\"og:image\" content=\"https:\/\/wiegel.dev10.econsor-programming.de\/wp-content\/uploads\/2024\/03\/Header-Aktuelles-Zinkpreis-2-150x150.jpg\" \/>\n<meta name=\"twitter:card\" content=\"summary_large_image\" \/>\n<script type=\"application\/ld+json\" class=\"yoast-schema-graph\">{\"@context\":\"https:\/\/schema.org\",\"@graph\":[{\"@type\":\"WebPage\",\"@id\":\"https:\/\/wiegel.dev10.econsor-programming.de\/fr\/prix-du-zinc\/\",\"url\":\"https:\/\/wiegel.dev10.econsor-programming.de\/fr\/prix-du-zinc\/\",\"name\":\"Prix Du Zinc - WIEGEL\",\"isPartOf\":{\"@id\":\"https:\/\/wiegel.dev10.econsor-programming.de\/#website\"},\"datePublished\":\"2024-03-07T17:34:03+00:00\",\"dateModified\":\"2025-10-30T12:27:34+00:00\",\"description\":\"Le prix du zinc WIEGEL est mis \u00e0 jour r\u00e9guli\u00e8rement : suivez les tendances du march\u00e9 du zinc pour vos besoins industriels en rev\u00eatement et protection de l\u2019acier.\",\"breadcrumb\":{\"@id\":\"https:\/\/wiegel.dev10.econsor-programming.de\/fr\/prix-du-zinc\/#breadcrumb\"},\"inLanguage\":\"fr-FR\",\"potentialAction\":[{\"@type\":\"ReadAction\",\"target\":[\"https:\/\/wiegel.dev10.econsor-programming.de\/fr\/prix-du-zinc\/\"]}]},{\"@type\":\"BreadcrumbList\",\"@id\":\"https:\/\/wiegel.dev10.econsor-programming.de\/fr\/prix-du-zinc\/#breadcrumb\",\"itemListElement\":[{\"@type\":\"ListItem\",\"position\":1,\"name\":\"Startseite\",\"item\":\"https:\/\/wiegel.dev10.econsor-programming.de\/fr\/\"},{\"@type\":\"ListItem\",\"position\":2,\"name\":\"Prix Du Zinc\"}]},{\"@type\":\"WebSite\",\"@id\":\"https:\/\/wiegel.dev10.econsor-programming.de\/#website\",\"url\":\"https:\/\/wiegel.dev10.econsor-programming.de\/\",\"name\":\"WIEGEL\",\"description\":\"Feuerverzinken, Beschichten, Gittermastbau, Telekommunikation\",\"publisher\":{\"@id\":\"https:\/\/wiegel.dev10.econsor-programming.de\/#organization\"},\"potentialAction\":[{\"@type\":\"SearchAction\",\"target\":{\"@type\":\"EntryPoint\",\"urlTemplate\":\"https:\/\/wiegel.dev10.econsor-programming.de\/?s={search_term_string}\"},\"query-input\":{\"@type\":\"PropertyValueSpecification\",\"valueRequired\":true,\"valueName\":\"search_term_string\"}}],\"inLanguage\":\"fr-FR\"},{\"@type\":\"Organization\",\"@id\":\"https:\/\/wiegel.dev10.econsor-programming.de\/#organization\",\"name\":\"WIEGEL\",\"url\":\"https:\/\/wiegel.dev10.econsor-programming.de\/\",\"logo\":{\"@type\":\"ImageObject\",\"inLanguage\":\"fr-FR\",\"@id\":\"https:\/\/wiegel.dev10.econsor-programming.de\/#\/schema\/logo\/image\/\",\"url\":\"https:\/\/wiegel.dev10.econsor-programming.de\/wp-content\/uploads\/2024\/01\/cropped-wiegel_favicon.png\",\"contentUrl\":\"https:\/\/wiegel.dev10.econsor-programming.de\/wp-content\/uploads\/2024\/01\/cropped-wiegel_favicon.png\",\"width\":512,\"height\":512,\"caption\":\"WIEGEL\"},\"image\":{\"@id\":\"https:\/\/wiegel.dev10.econsor-programming.de\/#\/schema\/logo\/image\/\"}}]}<\/script>\n<!-- \/ Yoast SEO Premium plugin. -->","yoast_head_json":{"title":"Prix Du Zinc - WIEGEL","description":"Le prix du zinc WIEGEL est mis \u00e0 jour r\u00e9guli\u00e8rement : suivez les tendances du march\u00e9 du zinc pour vos besoins industriels en rev\u00eatement et protection de l\u2019acier.","robots":{"index":"noindex","follow":"follow","max-snippet":"max-snippet:-1","max-image-preview":"max-image-preview:large","max-video-preview":"max-video-preview:-1"},"og_locale":"fr_FR","og_type":"article","og_title":"Prix Du Zinc","og_description":"Le prix du zinc WIEGEL est mis \u00e0 jour r\u00e9guli\u00e8rement : suivez les tendances du march\u00e9 du zinc pour vos besoins industriels en rev\u00eatement et protection de l\u2019acier.","og_url":"https:\/\/wiegel.dev10.econsor-programming.de\/fr\/prix-du-zinc\/","og_site_name":"WIEGEL","article_modified_time":"2025-10-30T12:27:34+00:00","og_image":[{"url":"https:\/\/wiegel.dev10.econsor-programming.de\/wp-content\/uploads\/2024\/03\/Header-Aktuelles-Zinkpreis-2-150x150.jpg","type":"","width":"","height":""}],"twitter_card":"summary_large_image","schema":{"@context":"https:\/\/schema.org","@graph":[{"@type":"WebPage","@id":"https:\/\/wiegel.dev10.econsor-programming.de\/fr\/prix-du-zinc\/","url":"https:\/\/wiegel.dev10.econsor-programming.de\/fr\/prix-du-zinc\/","name":"Prix Du Zinc - WIEGEL","isPartOf":{"@id":"https:\/\/wiegel.dev10.econsor-programming.de\/#website"},"datePublished":"2024-03-07T17:34:03+00:00","dateModified":"2025-10-30T12:27:34+00:00","description":"Le prix du zinc WIEGEL est mis \u00e0 jour r\u00e9guli\u00e8rement : suivez les tendances du march\u00e9 du zinc pour vos besoins industriels en rev\u00eatement et protection de l\u2019acier.","breadcrumb":{"@id":"https:\/\/wiegel.dev10.econsor-programming.de\/fr\/prix-du-zinc\/#breadcrumb"},"inLanguage":"fr-FR","potentialAction":[{"@type":"ReadAction","target":["https:\/\/wiegel.dev10.econsor-programming.de\/fr\/prix-du-zinc\/"]}]},{"@type":"BreadcrumbList","@id":"https:\/\/wiegel.dev10.econsor-programming.de\/fr\/prix-du-zinc\/#breadcrumb","itemListElement":[{"@type":"ListItem","position":1,"name":"Startseite","item":"https:\/\/wiegel.dev10.econsor-programming.de\/fr\/"},{"@type":"ListItem","position":2,"name":"Prix Du Zinc"}]},{"@type":"WebSite","@id":"https:\/\/wiegel.dev10.econsor-programming.de\/#website","url":"https:\/\/wiegel.dev10.econsor-programming.de\/","name":"WIEGEL","description":"Feuerverzinken, Beschichten, Gittermastbau, Telekommunikation","publisher":{"@id":"https:\/\/wiegel.dev10.econsor-programming.de\/#organization"},"potentialAction":[{"@type":"SearchAction","target":{"@type":"EntryPoint","urlTemplate":"https:\/\/wiegel.dev10.econsor-programming.de\/?s={search_term_string}"},"query-input":{"@type":"PropertyValueSpecification","valueRequired":true,"valueName":"search_term_string"}}],"inLanguage":"fr-FR"},{"@type":"Organization","@id":"https:\/\/wiegel.dev10.econsor-programming.de\/#organization","name":"WIEGEL","url":"https:\/\/wiegel.dev10.econsor-programming.de\/","logo":{"@type":"ImageObject","inLanguage":"fr-FR","@id":"https:\/\/wiegel.dev10.econsor-programming.de\/#\/schema\/logo\/image\/","url":"https:\/\/wiegel.dev10.econsor-programming.de\/wp-content\/uploads\/2024\/01\/cropped-wiegel_favicon.png","contentUrl":"https:\/\/wiegel.dev10.econsor-programming.de\/wp-content\/uploads\/2024\/01\/cropped-wiegel_favicon.png","width":512,"height":512,"caption":"WIEGEL"},"image":{"@id":"https:\/\/wiegel.dev10.econsor-programming.de\/#\/schema\/logo\/image\/"}}]}},"_links":{"self":[{"href":"https:\/\/wiegel.dev10.econsor-programming.de\/fr\/wp-json\/wp\/v2\/pages\/4637","targetHints":{"allow":["GET"]}}],"collection":[{"href":"https:\/\/wiegel.dev10.econsor-programming.de\/fr\/wp-json\/wp\/v2\/pages"}],"about":[{"href":"https:\/\/wiegel.dev10.econsor-programming.de\/fr\/wp-json\/wp\/v2\/types\/page"}],"author":[{"embeddable":true,"href":"https:\/\/wiegel.dev10.econsor-programming.de\/fr\/wp-json\/wp\/v2\/users\/15"}],"replies":[{"embeddable":true,"href":"https:\/\/wiegel.dev10.econsor-programming.de\/fr\/wp-json\/wp\/v2\/comments?post=4637"}],"version-history":[{"count":27,"href":"https:\/\/wiegel.dev10.econsor-programming.de\/fr\/wp-json\/wp\/v2\/pages\/4637\/revisions"}],"predecessor-version":[{"id":29064,"href":"https:\/\/wiegel.dev10.econsor-programming.de\/fr\/wp-json\/wp\/v2\/pages\/4637\/revisions\/29064"}],"wp:attachment":[{"href":"https:\/\/wiegel.dev10.econsor-programming.de\/fr\/wp-json\/wp\/v2\/media?parent=4637"}],"curies":[{"name":"wp","href":"https:\/\/api.w.org\/{rel}","templated":true}]}}