{"id":4469,"date":"2024-02-13T11:59:56","date_gmt":"2024-02-13T10:59:56","guid":{"rendered":"https:\/\/wiegel.de\/?page_id=4469"},"modified":"2025-07-01T14:54:31","modified_gmt":"2025-07-01T12:54:31","slug":"kariera","status":"publish","type":"page","link":"https:\/\/wiegel.dev10.econsor-programming.de\/sk\/kariera\/","title":{"rendered":"Kari\u00e9ra"},"content":{"rendered":"","protected":false},"excerpt":{"rendered":"","protected":false},"author":15,"featured_media":0,"parent":0,"menu_order":0,"comment_status":"closed","ping_status":"closed","template":"","meta":{"_acf_changed":false,"_relevanssi_hide_post":"","_relevanssi_hide_content":"","_relevanssi_pin_for_all":"","_relevanssi_pin_keywords":"","_relevanssi_unpin_keywords":"","_relevanssi_related_keywords":"","_relevanssi_related_include_ids":"","_relevanssi_related_exclude_ids":"","_relevanssi_related_no_append":"","_relevanssi_related_not_related":"","_relevanssi_related_posts":"","_relevanssi_noindex_reason":"","footnotes":""},"class_list":["post-4469","page","type-page","status-publish","hentry"],"acf":[],"yoast_head":"<!-- This site is optimized with the Yoast SEO Premium plugin v26.2 (Yoast SEO v26.2) - https:\/\/yoast.com\/wordpress\/plugins\/seo\/ -->\n<title>Kari\u00e9ra - WIEGEL<\/title>\n<meta name=\"description\" content=\"H\u013ead\u00e1te v\u00fdzvu? Kari\u00e9ra vo WIEGEL v\u00e1m pon\u00faka rozmanit\u00e9 mo\u017enosti v priemyselnej v\u00fdrobe, technike a administrat\u00edve. Pridajte sa k n\u00e1m!\" \/>\n<meta name=\"robots\" content=\"noindex, follow, max-snippet:-1, max-image-preview:large, max-video-preview:-1\" \/>\n<meta property=\"og:locale\" content=\"sk_SK\" \/>\n<meta property=\"og:type\" content=\"article\" \/>\n<meta property=\"og:title\" content=\"Kari\u00e9ra\" \/>\n<meta property=\"og:description\" content=\"H\u013ead\u00e1te v\u00fdzvu? Kari\u00e9ra vo WIEGEL v\u00e1m pon\u00faka rozmanit\u00e9 mo\u017enosti v priemyselnej v\u00fdrobe, technike a administrat\u00edve. Pridajte sa k n\u00e1m!\" \/>\n<meta property=\"og:url\" content=\"https:\/\/wiegel.dev10.econsor-programming.de\/sk\/kariera\/\" \/>\n<meta property=\"og:site_name\" content=\"WIEGEL\" \/>\n<meta property=\"article:modified_time\" content=\"2025-07-01T12:54:31+00:00\" \/>\n<meta property=\"og:image\" content=\"https:\/\/wiegel.dev10.econsor-programming.de\/wp-content\/uploads\/2024\/03\/Header-Ihre-Karriere-in-guten-Haenden-3-150x150.jpg\" \/>\n<meta name=\"twitter:card\" content=\"summary_large_image\" \/>\n<script type=\"application\/ld+json\" class=\"yoast-schema-graph\">{\"@context\":\"https:\/\/schema.org\",\"@graph\":[{\"@type\":\"WebPage\",\"@id\":\"https:\/\/wiegel.dev10.econsor-programming.de\/sk\/kariera\/\",\"url\":\"https:\/\/wiegel.dev10.econsor-programming.de\/sk\/kariera\/\",\"name\":\"Kari\u00e9ra - WIEGEL\",\"isPartOf\":{\"@id\":\"https:\/\/wiegel.dev10.econsor-programming.de\/#website\"},\"datePublished\":\"2024-02-13T10:59:56+00:00\",\"dateModified\":\"2025-07-01T12:54:31+00:00\",\"description\":\"H\u013ead\u00e1te v\u00fdzvu? Kari\u00e9ra vo WIEGEL v\u00e1m pon\u00faka rozmanit\u00e9 mo\u017enosti v priemyselnej v\u00fdrobe, technike a administrat\u00edve. Pridajte sa k n\u00e1m!\",\"breadcrumb\":{\"@id\":\"https:\/\/wiegel.dev10.econsor-programming.de\/sk\/kariera\/#breadcrumb\"},\"inLanguage\":\"sk-SK\",\"potentialAction\":[{\"@type\":\"ReadAction\",\"target\":[\"https:\/\/wiegel.dev10.econsor-programming.de\/sk\/kariera\/\"]}]},{\"@type\":\"BreadcrumbList\",\"@id\":\"https:\/\/wiegel.dev10.econsor-programming.de\/sk\/kariera\/#breadcrumb\",\"itemListElement\":[{\"@type\":\"ListItem\",\"position\":1,\"name\":\"Startseite\",\"item\":\"https:\/\/wiegel.dev10.econsor-programming.de\/sk\/\"},{\"@type\":\"ListItem\",\"position\":2,\"name\":\"Kari\u00e9ra\"}]},{\"@type\":\"WebSite\",\"@id\":\"https:\/\/wiegel.dev10.econsor-programming.de\/#website\",\"url\":\"https:\/\/wiegel.dev10.econsor-programming.de\/\",\"name\":\"WIEGEL\",\"description\":\"Feuerverzinken, Beschichten, Gittermastbau, Telekommunikation\",\"publisher\":{\"@id\":\"https:\/\/wiegel.dev10.econsor-programming.de\/#organization\"},\"potentialAction\":[{\"@type\":\"SearchAction\",\"target\":{\"@type\":\"EntryPoint\",\"urlTemplate\":\"https:\/\/wiegel.dev10.econsor-programming.de\/?s={search_term_string}\"},\"query-input\":{\"@type\":\"PropertyValueSpecification\",\"valueRequired\":true,\"valueName\":\"search_term_string\"}}],\"inLanguage\":\"sk-SK\"},{\"@type\":\"Organization\",\"@id\":\"https:\/\/wiegel.dev10.econsor-programming.de\/#organization\",\"name\":\"WIEGEL\",\"url\":\"https:\/\/wiegel.dev10.econsor-programming.de\/\",\"logo\":{\"@type\":\"ImageObject\",\"inLanguage\":\"sk-SK\",\"@id\":\"https:\/\/wiegel.dev10.econsor-programming.de\/#\/schema\/logo\/image\/\",\"url\":\"https:\/\/wiegel.dev10.econsor-programming.de\/wp-content\/uploads\/2024\/01\/cropped-wiegel_favicon.png\",\"contentUrl\":\"https:\/\/wiegel.dev10.econsor-programming.de\/wp-content\/uploads\/2024\/01\/cropped-wiegel_favicon.png\",\"width\":512,\"height\":512,\"caption\":\"WIEGEL\"},\"image\":{\"@id\":\"https:\/\/wiegel.dev10.econsor-programming.de\/#\/schema\/logo\/image\/\"}}]}<\/script>\n<!-- \/ Yoast SEO Premium plugin. -->","yoast_head_json":{"title":"Kari\u00e9ra - WIEGEL","description":"H\u013ead\u00e1te v\u00fdzvu? Kari\u00e9ra vo WIEGEL v\u00e1m pon\u00faka rozmanit\u00e9 mo\u017enosti v priemyselnej v\u00fdrobe, technike a administrat\u00edve. Pridajte sa k n\u00e1m!","robots":{"index":"noindex","follow":"follow","max-snippet":"max-snippet:-1","max-image-preview":"max-image-preview:large","max-video-preview":"max-video-preview:-1"},"og_locale":"sk_SK","og_type":"article","og_title":"Kari\u00e9ra","og_description":"H\u013ead\u00e1te v\u00fdzvu? Kari\u00e9ra vo WIEGEL v\u00e1m pon\u00faka rozmanit\u00e9 mo\u017enosti v priemyselnej v\u00fdrobe, technike a administrat\u00edve. Pridajte sa k n\u00e1m!","og_url":"https:\/\/wiegel.dev10.econsor-programming.de\/sk\/kariera\/","og_site_name":"WIEGEL","article_modified_time":"2025-07-01T12:54:31+00:00","og_image":[{"url":"https:\/\/wiegel.dev10.econsor-programming.de\/wp-content\/uploads\/2024\/03\/Header-Ihre-Karriere-in-guten-Haenden-3-150x150.jpg","type":"","width":"","height":""}],"twitter_card":"summary_large_image","schema":{"@context":"https:\/\/schema.org","@graph":[{"@type":"WebPage","@id":"https:\/\/wiegel.dev10.econsor-programming.de\/sk\/kariera\/","url":"https:\/\/wiegel.dev10.econsor-programming.de\/sk\/kariera\/","name":"Kari\u00e9ra - WIEGEL","isPartOf":{"@id":"https:\/\/wiegel.dev10.econsor-programming.de\/#website"},"datePublished":"2024-02-13T10:59:56+00:00","dateModified":"2025-07-01T12:54:31+00:00","description":"H\u013ead\u00e1te v\u00fdzvu? Kari\u00e9ra vo WIEGEL v\u00e1m pon\u00faka rozmanit\u00e9 mo\u017enosti v priemyselnej v\u00fdrobe, technike a administrat\u00edve. Pridajte sa k n\u00e1m!","breadcrumb":{"@id":"https:\/\/wiegel.dev10.econsor-programming.de\/sk\/kariera\/#breadcrumb"},"inLanguage":"sk-SK","potentialAction":[{"@type":"ReadAction","target":["https:\/\/wiegel.dev10.econsor-programming.de\/sk\/kariera\/"]}]},{"@type":"BreadcrumbList","@id":"https:\/\/wiegel.dev10.econsor-programming.de\/sk\/kariera\/#breadcrumb","itemListElement":[{"@type":"ListItem","position":1,"name":"Startseite","item":"https:\/\/wiegel.dev10.econsor-programming.de\/sk\/"},{"@type":"ListItem","position":2,"name":"Kari\u00e9ra"}]},{"@type":"WebSite","@id":"https:\/\/wiegel.dev10.econsor-programming.de\/#website","url":"https:\/\/wiegel.dev10.econsor-programming.de\/","name":"WIEGEL","description":"Feuerverzinken, Beschichten, Gittermastbau, Telekommunikation","publisher":{"@id":"https:\/\/wiegel.dev10.econsor-programming.de\/#organization"},"potentialAction":[{"@type":"SearchAction","target":{"@type":"EntryPoint","urlTemplate":"https:\/\/wiegel.dev10.econsor-programming.de\/?s={search_term_string}"},"query-input":{"@type":"PropertyValueSpecification","valueRequired":true,"valueName":"search_term_string"}}],"inLanguage":"sk-SK"},{"@type":"Organization","@id":"https:\/\/wiegel.dev10.econsor-programming.de\/#organization","name":"WIEGEL","url":"https:\/\/wiegel.dev10.econsor-programming.de\/","logo":{"@type":"ImageObject","inLanguage":"sk-SK","@id":"https:\/\/wiegel.dev10.econsor-programming.de\/#\/schema\/logo\/image\/","url":"https:\/\/wiegel.dev10.econsor-programming.de\/wp-content\/uploads\/2024\/01\/cropped-wiegel_favicon.png","contentUrl":"https:\/\/wiegel.dev10.econsor-programming.de\/wp-content\/uploads\/2024\/01\/cropped-wiegel_favicon.png","width":512,"height":512,"caption":"WIEGEL"},"image":{"@id":"https:\/\/wiegel.dev10.econsor-programming.de\/#\/schema\/logo\/image\/"}}]}},"_links":{"self":[{"href":"https:\/\/wiegel.dev10.econsor-programming.de\/sk\/wp-json\/wp\/v2\/pages\/4469","targetHints":{"allow":["GET"]}}],"collection":[{"href":"https:\/\/wiegel.dev10.econsor-programming.de\/sk\/wp-json\/wp\/v2\/pages"}],"about":[{"href":"https:\/\/wiegel.dev10.econsor-programming.de\/sk\/wp-json\/wp\/v2\/types\/page"}],"author":[{"embeddable":true,"href":"https:\/\/wiegel.dev10.econsor-programming.de\/sk\/wp-json\/wp\/v2\/users\/15"}],"replies":[{"embeddable":true,"href":"https:\/\/wiegel.dev10.econsor-programming.de\/sk\/wp-json\/wp\/v2\/comments?post=4469"}],"version-history":[{"count":34,"href":"https:\/\/wiegel.dev10.econsor-programming.de\/sk\/wp-json\/wp\/v2\/pages\/4469\/revisions"}],"predecessor-version":[{"id":25323,"href":"https:\/\/wiegel.dev10.econsor-programming.de\/sk\/wp-json\/wp\/v2\/pages\/4469\/revisions\/25323"}],"wp:attachment":[{"href":"https:\/\/wiegel.dev10.econsor-programming.de\/sk\/wp-json\/wp\/v2\/media?parent=4469"}],"curies":[{"name":"wp","href":"https:\/\/api.w.org\/{rel}","templated":true}]}}